{"id":12929,"date":"2025-07-02T10:00:05","date_gmt":"2025-07-02T15:00:05","guid":{"rendered":"https:\/\/importacionesflorida.com\/?post_type=product&#038;p=12929"},"modified":"2025-08-25T09:36:02","modified_gmt":"2025-08-25T14:36:02","slug":"motor-plumillas-luv-1600","status":"publish","type":"product","link":"https:\/\/importacionesflorida.com\/es_es\/producto\/motor-plumillas-luv-1600\/","title":{"rendered":"MOTOR PLUMILLAS LUV 1600"},"content":{"rendered":"<p data-start=\"180\" data-end=\"213\"><strong data-start=\"180\" data-end=\"211\">Motor de Plumillas LUV 1600<\/strong><\/p>\n<p data-start=\"215\" data-end=\"596\">El <strong data-start=\"218\" data-end=\"261\">motor plumillas para Chevrolet LUV 1600<\/strong> garantiza el funcionamiento \u00f3ptimo del sistema de limpiaparabrisas, proporcionando un movimiento preciso y constante de las plumillas para mantener el parabrisas limpio en todo momento. Dise\u00f1ado con materiales resistentes y de larga duraci\u00f3n, este repuesto asegura visibilidad y seguridad en condiciones de lluvia, polvo o suciedad.<\/p>\n<p data-start=\"598\" data-end=\"895\">\ud83d\udc49 <strong data-start=\"601\" data-end=\"620\">Compatibilidad:<\/strong> Chevrolet LUV 1600<br data-start=\"639\" data-end=\"642\" \/>\ud83d\udc49 <strong data-start=\"645\" data-end=\"657\">Funci\u00f3n:<\/strong> Accionar el sistema de limpiaparabrisas para limpieza del parabrisas.<br data-start=\"727\" data-end=\"730\" \/>\ud83d\udc49 <strong data-start=\"733\" data-end=\"748\">Beneficios:<\/strong> Instalaci\u00f3n sencilla, ajuste preciso y alta durabilidad.<br data-start=\"805\" data-end=\"808\" \/>\ud83d\udc49 <strong data-start=\"811\" data-end=\"826\">Aplicaci\u00f3n:<\/strong> Repuesto confiable para reemplazar el motor de plumillas original.<\/p>\n<p data-start=\"897\" data-end=\"1033\">Con el <strong data-start=\"904\" data-end=\"949\">motor limpiaparabrisas Chevrolet LUV 1600<\/strong>, tu veh\u00edculo mantendr\u00e1 el desempe\u00f1o y seguridad que necesitas en cualquier clima.<\/p>\n","protected":false},"excerpt":{"rendered":"<p>El <strong data-start=\"352\" data-end=\"393\">motor plumillas para [marca + modelo]<\/strong> asegura el correcto funcionamiento del sistema de limpiaparabrisas, proporcionando un movimiento constante y eficiente de las plumillas para mantener el parabrisas limpio en todo momento. Fabricado con materiales de alta resistencia, este repuesto garantiza <strong data-start=\"652\" data-end=\"704\">durabilidad, ajuste perfecto y conducci\u00f3n segura<\/strong> bajo lluvia, polvo o suciedad.<\/p>\n","protected":false},"featured_media":12930,"comment_status":"open","ping_status":"closed","template":"","meta":[],"product_brand":[],"product_cat":[50],"product_tag":[],"class_list":{"0":"post-12929","1":"product","2":"type-product","3":"status-publish","4":"has-post-thumbnail","6":"product_cat-partes-electricas","8":"first","9":"instock","10":"shipping-taxable","11":"purchasable","12":"product-type-simple"},"_links":{"self":[{"href":"https:\/\/importacionesflorida.com\/es_es\/wp-json\/wp\/v2\/product\/12929","targetHints":{"allow":["GET"]}}],"collection":[{"href":"https:\/\/importacionesflorida.com\/es_es\/wp-json\/wp\/v2\/product"}],"about":[{"href":"https:\/\/importacionesflorida.com\/es_es\/wp-json\/wp\/v2\/types\/product"}],"replies":[{"embeddable":true,"href":"https:\/\/importacionesflorida.com\/es_es\/wp-json\/wp\/v2\/comments?post=12929"}],"wp:featuredmedia":[{"embeddable":true,"href":"https:\/\/importacionesflorida.com\/es_es\/wp-json\/wp\/v2\/media\/12930"}],"wp:attachment":[{"href":"https:\/\/importacionesflorida.com\/es_es\/wp-json\/wp\/v2\/media?parent=12929"}],"wp:term":[{"taxonomy":"product_brand","embeddable":true,"href":"https:\/\/importacionesflorida.com\/es_es\/wp-json\/wp\/v2\/product_brand?post=12929"},{"taxonomy":"product_cat","embeddable":true,"href":"https:\/\/importacionesflorida.com\/es_es\/wp-json\/wp\/v2\/product_cat?post=12929"},{"taxonomy":"product_tag","embeddable":true,"href":"https:\/\/importacionesflorida.com\/es_es\/wp-json\/wp\/v2\/product_tag?post=12929"}],"curies":[{"name":"wp","href":"https:\/\/api.w.org\/{rel}","templated":true}]}}