{"id":12967,"date":"2025-08-12T09:29:26","date_gmt":"2025-08-12T14:29:26","guid":{"rendered":"https:\/\/importacionesflorida.com\/?post_type=product&#038;p=12967"},"modified":"2026-03-13T11:15:25","modified_gmt":"2026-03-13T16:15:25","slug":"tanque-radiador-superior-alto-wagon-r","status":"publish","type":"product","link":"https:\/\/importacionesflorida.com\/en\/product\/tanque-radiador-superior-alto-wagon-r\/","title":{"rendered":"TANQUE RADIADOR SUPERIOR ALTO\/WAGON R"},"content":{"rendered":"<p data-start=\"188\" data-end=\"233\"><strong data-start=\"188\" data-end=\"231\">Tanque Radiador Superior Alto \/ Wagon R<\/strong><\/p>\n<p data-start=\"235\" data-end=\"519\">Repuesto de alta calidad para el <strong data-start=\"268\" data-end=\"331\">sistema de refrigeraci\u00f3n de Chevrolet Alto y Suzuki Wagon R<\/strong>. Este <strong data-start=\"338\" data-end=\"366\">tanque radiador superior<\/strong> est\u00e1 dise\u00f1ado en material resistente al calor y la presi\u00f3n, garantizando un flujo eficiente del refrigerante y evitando sobrecalentamientos del motor.<\/p>\n<p data-start=\"521\" data-end=\"793\">\ud83d\udc49 <strong data-start=\"524\" data-end=\"543\">Compatibilidad:<\/strong> Chevrolet Alto \/ Suzuki Wagon R<br data-start=\"575\" data-end=\"578\" \/>\ud83d\udc49 <strong data-start=\"581\" data-end=\"603\">Funci\u00f3n principal:<\/strong> Mantener la temperatura ideal del motor.<br data-start=\"644\" data-end=\"647\" \/>\ud83d\udc49 <strong data-start=\"650\" data-end=\"663\">Ventajas:<\/strong> Ajuste exacto, f\u00e1cil instalaci\u00f3n y mayor durabilidad.<br data-start=\"717\" data-end=\"720\" \/>\ud83d\udc49 <strong data-start=\"723\" data-end=\"738\">Aplicaci\u00f3n:<\/strong> Compatible con radiadores originales y de reemplazo.<\/p>\n<p data-start=\"795\" data-end=\"949\">Este <strong data-start=\"800\" data-end=\"843\">tanque radiador superior Alto \/ Wagon R<\/strong> es el repuesto perfecto para mantener en \u00f3ptimas condiciones el sistema de enfriamiento de tu veh\u00edculo.<\/p>","protected":false},"excerpt":{"rendered":"<p>Repuesto de alta calidad para el <strong data-start=\"268\" data-end=\"331\">sistema de refrigeraci\u00f3n de Chevrolet Alto y Suzuki Wagon R<\/strong>. Este <strong data-start=\"338\" data-end=\"366\">tanque radiador superior<\/strong> est\u00e1 dise\u00f1ado en material resistente al calor y la presi\u00f3n, garantizando un flujo eficiente del refrigerante y evitando sobrecalentamientos del motor.<\/p>","protected":false},"featured_media":18003,"comment_status":"open","ping_status":"closed","template":"","meta":[],"product_brand":[],"product_cat":[22],"product_tag":[],"class_list":{"0":"post-12967","1":"product","2":"type-product","3":"status-publish","4":"has-post-thumbnail","6":"product_cat-motor","8":"first","9":"instock","10":"taxable","11":"shipping-taxable","12":"purchasable","13":"product-type-simple"},"_links":{"self":[{"href":"https:\/\/importacionesflorida.com\/en\/wp-json\/wp\/v2\/product\/12967","targetHints":{"allow":["GET"]}}],"collection":[{"href":"https:\/\/importacionesflorida.com\/en\/wp-json\/wp\/v2\/product"}],"about":[{"href":"https:\/\/importacionesflorida.com\/en\/wp-json\/wp\/v2\/types\/product"}],"replies":[{"embeddable":true,"href":"https:\/\/importacionesflorida.com\/en\/wp-json\/wp\/v2\/comments?post=12967"}],"wp:featuredmedia":[{"embeddable":true,"href":"https:\/\/importacionesflorida.com\/en\/wp-json\/wp\/v2\/media\/18003"}],"wp:attachment":[{"href":"https:\/\/importacionesflorida.com\/en\/wp-json\/wp\/v2\/media?parent=12967"}],"wp:term":[{"taxonomy":"product_brand","embeddable":true,"href":"https:\/\/importacionesflorida.com\/en\/wp-json\/wp\/v2\/product_brand?post=12967"},{"taxonomy":"product_cat","embeddable":true,"href":"https:\/\/importacionesflorida.com\/en\/wp-json\/wp\/v2\/product_cat?post=12967"},{"taxonomy":"product_tag","embeddable":true,"href":"https:\/\/importacionesflorida.com\/en\/wp-json\/wp\/v2\/product_tag?post=12967"}],"curies":[{"name":"wp","href":"https:\/\/api.w.org\/{rel}","templated":true}]}}