{"id":12933,"date":"2025-07-02T10:03:11","date_gmt":"2025-07-02T15:03:11","guid":{"rendered":"https:\/\/importacionesflorida.com\/?post_type=product&#038;p=12933"},"modified":"2025-08-25T09:11:34","modified_gmt":"2025-08-25T14:11:34","slug":"motor-plumillas-montero-mitsubishi-97-04","status":"publish","type":"product","link":"https:\/\/importacionesflorida.com\/en\/product\/motor-plumillas-montero-mitsubishi-97-04\/","title":{"rendered":"MOTOR PLUMILLAS MONTERO MITSUBISHI 97\/04"},"content":{"rendered":"<p data-start=\"197\" data-end=\"250\"><strong data-start=\"197\" data-end=\"248\">Motor de Plumillas Mitsubishi Montero 1997-2004<\/strong><\/p>\n<p data-start=\"252\" data-end=\"485\">Repuesto esencial para el <strong data-start=\"278\" data-end=\"348\">sistema de limpiaparabrisas de la Mitsubishi Montero (1997 \u2013 2004)<\/strong>. Este motor garantiza el movimiento fluido y potente de las plumillas, ofreciendo m\u00e1xima visibilidad en condiciones de lluvia o polvo.<\/p>\n<p data-start=\"487\" data-end=\"823\">\ud83d\udc49 <strong data-start=\"490\" data-end=\"509\">Compatibilidad:<\/strong> Mitsubishi Montero 1997, 1998, 1999, 2000, 2001, 2002, 2003, 2004<br data-start=\"575\" data-end=\"578\" \/>\ud83d\udc49 <strong data-start=\"581\" data-end=\"593\">Funci\u00f3n:<\/strong> Accionar las plumillas para mantener el parabrisas limpio y seguro.<br data-start=\"661\" data-end=\"664\" \/>\ud83d\udc49 <strong data-start=\"667\" data-end=\"680\">Ventajas:<\/strong> Ajuste preciso, instalaci\u00f3n sencilla y alta durabilidad.<br data-start=\"737\" data-end=\"740\" \/>\ud83d\udc49 <strong data-start=\"743\" data-end=\"758\">Aplicaci\u00f3n:<\/strong> Repuesto ideal para reemplazar el motor de plumillas original.<\/p>\n<p data-start=\"825\" data-end=\"986\">El <strong data-start=\"828\" data-end=\"866\">motor plumillas Montero Mitsubishi<\/strong> es la opci\u00f3n confiable para mantener la seguridad en carretera y un desempe\u00f1o \u00f3ptimo del sistema de limpiaparabrisas.<\/p>","protected":false},"excerpt":{"rendered":"<p data-start=\"197\" data-end=\"250\">Repuesto esencial para el <strong data-start=\"278\" data-end=\"348\">sistema de limpiaparabrisas de la Mitsubishi Montero (1997 \u2013 2004)<\/strong>. Este motor garantiza el movimiento fluido y potente de las plumillas, ofreciendo m\u00e1xima visibilidad en condiciones de lluvia o polvo.<\/p>","protected":false},"featured_media":12934,"comment_status":"open","ping_status":"closed","template":"","meta":[],"product_brand":[],"product_cat":[50],"product_tag":[],"class_list":{"0":"post-12933","1":"product","2":"type-product","3":"status-publish","4":"has-post-thumbnail","6":"product_cat-partes-electricas","8":"first","9":"instock","10":"shipping-taxable","11":"purchasable","12":"product-type-simple"},"_links":{"self":[{"href":"https:\/\/importacionesflorida.com\/en\/wp-json\/wp\/v2\/product\/12933","targetHints":{"allow":["GET"]}}],"collection":[{"href":"https:\/\/importacionesflorida.com\/en\/wp-json\/wp\/v2\/product"}],"about":[{"href":"https:\/\/importacionesflorida.com\/en\/wp-json\/wp\/v2\/types\/product"}],"replies":[{"embeddable":true,"href":"https:\/\/importacionesflorida.com\/en\/wp-json\/wp\/v2\/comments?post=12933"}],"wp:featuredmedia":[{"embeddable":true,"href":"https:\/\/importacionesflorida.com\/en\/wp-json\/wp\/v2\/media\/12934"}],"wp:attachment":[{"href":"https:\/\/importacionesflorida.com\/en\/wp-json\/wp\/v2\/media?parent=12933"}],"wp:term":[{"taxonomy":"product_brand","embeddable":true,"href":"https:\/\/importacionesflorida.com\/en\/wp-json\/wp\/v2\/product_brand?post=12933"},{"taxonomy":"product_cat","embeddable":true,"href":"https:\/\/importacionesflorida.com\/en\/wp-json\/wp\/v2\/product_cat?post=12933"},{"taxonomy":"product_tag","embeddable":true,"href":"https:\/\/importacionesflorida.com\/en\/wp-json\/wp\/v2\/product_tag?post=12933"}],"curies":[{"name":"wp","href":"https:\/\/api.w.org\/{rel}","templated":true}]}}