{"id":12925,"date":"2025-07-02T09:56:05","date_gmt":"2025-07-02T14:56:05","guid":{"rendered":"https:\/\/importacionesflorida.com\/?post_type=product&#038;p=12925"},"modified":"2025-08-25T10:12:59","modified_gmt":"2025-08-25T15:12:59","slug":"motor-plumillas-suzuki-sj410-sj413","status":"publish","type":"product","link":"https:\/\/importacionesflorida.com\/en\/product\/motor-plumillas-suzuki-sj410-sj413\/","title":{"rendered":"MOTOR PLUMILLAS SUZUKI SJ410\/SJ413"},"content":{"rendered":"<p data-start=\"181\" data-end=\"224\"><strong data-start=\"181\" data-end=\"222\">Motor de Plumillas Suzuki SJ410\/SJ413<\/strong><\/p>\n<p data-start=\"226\" data-end=\"594\">El <strong data-start=\"229\" data-end=\"274\">motor plumillas para Suzuki SJ410 y SJ413<\/strong> es un repuesto fundamental para mantener el sistema de limpiaparabrisas en perfecto funcionamiento. Fabricado con materiales resistentes y de larga duraci\u00f3n, este motor asegura un <strong data-start=\"455\" data-end=\"506\">movimiento preciso y eficiente de las plumillas<\/strong>, garantizando un parabrisas limpio y mayor seguridad al conducir bajo lluvia o polvo.<\/p>\n<p data-start=\"596\" data-end=\"881\">\ud83d\udc49 <strong data-start=\"599\" data-end=\"618\">Compatibilidad:<\/strong> Suzuki SJ410 \/ Suzuki SJ413<br data-start=\"646\" data-end=\"649\" \/>\ud83d\udc49 <strong data-start=\"652\" data-end=\"664\">Funci\u00f3n:<\/strong> Accionar el sistema de limpiaparabrisas para mantener la visibilidad<br data-start=\"733\" data-end=\"736\" \/>\ud83d\udc49 <strong data-start=\"739\" data-end=\"754\">Beneficios:<\/strong> Ajuste exacto, instalaci\u00f3n sencilla y alta durabilidad<br data-start=\"809\" data-end=\"812\" \/>\ud83d\udc49 <strong data-start=\"815\" data-end=\"830\">Aplicaci\u00f3n:<\/strong> Repuesto de reemplazo confiable y de calidad OEM<\/p>\n<p data-start=\"883\" data-end=\"1030\">Con el <strong data-start=\"890\" data-end=\"935\">motor limpiaparabrisas Suzuki SJ410\/SJ413<\/strong>, tu veh\u00edculo 4&#215;4 conservar\u00e1 un desempe\u00f1o seguro y confiable en todo tipo de terreno y clima.<\/p>","protected":false},"excerpt":{"rendered":"<p data-start=\"181\" data-end=\"224\">El <strong data-start=\"229\" data-end=\"274\">motor plumillas para Suzuki SJ410 y SJ413<\/strong> es un repuesto fundamental para mantener el sistema de limpiaparabrisas en perfecto funcionamiento. Fabricado con materiales resistentes y de larga duraci\u00f3n, este motor asegura un <strong data-start=\"455\" data-end=\"506\">movimiento preciso y eficiente de las plumillas<\/strong>, garantizando un parabrisas limpio y mayor seguridad al conducir bajo lluvia o polvo.<\/p>","protected":false},"featured_media":12926,"comment_status":"open","ping_status":"closed","template":"","meta":[],"product_brand":[],"product_cat":[50],"product_tag":[],"class_list":{"0":"post-12925","1":"product","2":"type-product","3":"status-publish","4":"has-post-thumbnail","6":"product_cat-partes-electricas","8":"first","9":"instock","10":"shipping-taxable","11":"purchasable","12":"product-type-simple"},"_links":{"self":[{"href":"https:\/\/importacionesflorida.com\/en\/wp-json\/wp\/v2\/product\/12925","targetHints":{"allow":["GET"]}}],"collection":[{"href":"https:\/\/importacionesflorida.com\/en\/wp-json\/wp\/v2\/product"}],"about":[{"href":"https:\/\/importacionesflorida.com\/en\/wp-json\/wp\/v2\/types\/product"}],"replies":[{"embeddable":true,"href":"https:\/\/importacionesflorida.com\/en\/wp-json\/wp\/v2\/comments?post=12925"}],"wp:featuredmedia":[{"embeddable":true,"href":"https:\/\/importacionesflorida.com\/en\/wp-json\/wp\/v2\/media\/12926"}],"wp:attachment":[{"href":"https:\/\/importacionesflorida.com\/en\/wp-json\/wp\/v2\/media?parent=12925"}],"wp:term":[{"taxonomy":"product_brand","embeddable":true,"href":"https:\/\/importacionesflorida.com\/en\/wp-json\/wp\/v2\/product_brand?post=12925"},{"taxonomy":"product_cat","embeddable":true,"href":"https:\/\/importacionesflorida.com\/en\/wp-json\/wp\/v2\/product_cat?post=12925"},{"taxonomy":"product_tag","embeddable":true,"href":"https:\/\/importacionesflorida.com\/en\/wp-json\/wp\/v2\/product_tag?post=12925"}],"curies":[{"name":"wp","href":"https:\/\/api.w.org\/{rel}","templated":true}]}}