{"id":1130,"date":"2023-07-17T16:57:02","date_gmt":"2023-07-17T16:57:02","guid":{"rendered":"https:\/\/importacionesflorida.com\/product\/arandela-pinon-ciguenal-sportage-2004-2016\/"},"modified":"2023-07-25T20:29:42","modified_gmt":"2023-07-25T20:29:42","slug":"arandela-pinon-ciguenal-sportage-2004-2016","status":"publish","type":"product","link":"https:\/\/importacionesflorida.com\/en\/product\/arandela-pinon-ciguenal-sportage-2004-2016\/","title":{"rendered":"ARANDELA PI\u00d1ON CIG\u00dcE\u00d1AL SPORTAGE 2004-2016"},"content":{"rendered":"","protected":false},"excerpt":{"rendered":"","protected":false},"featured_media":719,"comment_status":"open","ping_status":"closed","template":"","meta":[],"product_brand":[],"product_cat":[22],"product_tag":[],"class_list":{"0":"post-1130","1":"product","2":"type-product","3":"status-publish","4":"has-post-thumbnail","6":"product_cat-motor","8":"first","9":"instock","10":"taxable","11":"shipping-taxable","12":"purchasable","13":"product-type-simple"},"_links":{"self":[{"href":"https:\/\/importacionesflorida.com\/en\/wp-json\/wp\/v2\/product\/1130","targetHints":{"allow":["GET"]}}],"collection":[{"href":"https:\/\/importacionesflorida.com\/en\/wp-json\/wp\/v2\/product"}],"about":[{"href":"https:\/\/importacionesflorida.com\/en\/wp-json\/wp\/v2\/types\/product"}],"replies":[{"embeddable":true,"href":"https:\/\/importacionesflorida.com\/en\/wp-json\/wp\/v2\/comments?post=1130"}],"wp:featuredmedia":[{"embeddable":true,"href":"https:\/\/importacionesflorida.com\/en\/wp-json\/wp\/v2\/media\/719"}],"wp:attachment":[{"href":"https:\/\/importacionesflorida.com\/en\/wp-json\/wp\/v2\/media?parent=1130"}],"wp:term":[{"taxonomy":"product_brand","embeddable":true,"href":"https:\/\/importacionesflorida.com\/en\/wp-json\/wp\/v2\/product_brand?post=1130"},{"taxonomy":"product_cat","embeddable":true,"href":"https:\/\/importacionesflorida.com\/en\/wp-json\/wp\/v2\/product_cat?post=1130"},{"taxonomy":"product_tag","embeddable":true,"href":"https:\/\/importacionesflorida.com\/en\/wp-json\/wp\/v2\/product_tag?post=1130"}],"curies":[{"name":"wp","href":"https:\/\/api.w.org\/{rel}","templated":true}]}}